{"id":21,"date":"2022-06-03T13:50:04","date_gmt":"2022-06-03T11:50:04","guid":{"rendered":"https:\/\/www.tonimilun.hr\/konferencija\/?page_id=21"},"modified":"2024-10-10T15:07:17","modified_gmt":"2024-10-10T13:07:17","slug":"home","status":"publish","type":"page","link":"https:\/\/www.tonimilun.hr\/konferencija\/","title":{"rendered":"HOME"},"content":{"rendered":"\n<h1>\n\t\t<p>OGROMNO HVALA!!!<br \/>KONFERENCIJA<br \/> FINANCIJSKE PISMENOSTI<strong> <br \/>TONI MILUN <\/strong> 2.0 JE ZAVR\u0160ENA<\/p>\n\t<\/h1>\n<h2>\n\t\tOGLAS\n\t<\/h2>\n\t\t\t\t<a href=\"https:\/\/www.finax.eu\/hr\/affiliate\/toni-milun-pepp-promo\/register\" target=\"_blank\" rel=\"noopener\" itemprop=\"url\">\n\t\t\t\t<img loading=\"lazy\" decoding=\"async\" src=\"https:\/\/www.tonimilun.hr\/konferencija\/wp-content\/uploads\/2023\/05\/Finax-HR-web-banner_1200x314.png\" alt=\"Finax-HR-web-banner_1200x314\" itemprop=\"image\" height=\"314\" width=\"1200\" title=\"Finax-HR-web-banner_1200x314\" onerror=\"this.style.display='none'\"  \/>\n\t\t\t\t<\/a>\n\n","protected":false},"excerpt":{"rendered":"<p>OGROMNO HVALA!!!KONFERENCIJA FINANCIJSKE PISMENOSTI TONI MILUN 2.0 JE ZAVR\u0160ENA OGLAS<\/p>\n","protected":false},"author":3,"featured_media":371,"parent":0,"menu_order":0,"comment_status":"closed","ping_status":"closed","template":"","meta":{"_acf_changed":false,"footnotes":""},"class_list":["post-21","page","type-page","status-publish","has-post-thumbnail","hentry"],"acf":[],"yoast_head":"<!-- This site is optimized with the Yoast SEO plugin v23.3 - https:\/\/yoast.com\/wordpress\/plugins\/seo\/ -->\n<title>HOME - Konferencija TONI MILUN<\/title>\n<meta name=\"description\" content=\"Dobrodo\u0161li na stranicu konferencije financijske pismenosti TONI MILUN. Nau\u010dite kako da va\u0161 novac radi za vas.\" \/>\n<meta name=\"robots\" content=\"index, follow, max-snippet:-1, max-image-preview:large, max-video-preview:-1\" \/>\n<link rel=\"canonical\" href=\"https:\/\/www.tonimilun.hr\/konferencija\/\" \/>\n<meta property=\"og:locale\" content=\"hr_HR\" \/>\n<meta property=\"og:type\" content=\"article\" \/>\n<meta property=\"og:title\" content=\"HOME - Konferencija TONI MILUN\" \/>\n<meta property=\"og:description\" content=\"Dobrodo\u0161li na stranicu konferencije financijske pismenosti TONI MILUN. Nau\u010dite kako da va\u0161 novac radi za vas.\" \/>\n<meta property=\"og:url\" content=\"https:\/\/www.tonimilun.hr\/konferencija\/\" \/>\n<meta property=\"og:site_name\" content=\"Konferencija TONI MILUN\" \/>\n<meta property=\"article:publisher\" content=\"https:\/\/www.facebook.com\/ToniMilun\" \/>\n<meta property=\"article:modified_time\" content=\"2024-10-10T13:07:17+00:00\" \/>\n<meta property=\"og:image\" content=\"https:\/\/www.tonimilun.hr\/konferencija\/wp-content\/uploads\/2022\/07\/admin-ajax-copy.png\" \/>\n\t<meta property=\"og:image:width\" content=\"1200\" \/>\n\t<meta property=\"og:image:height\" content=\"600\" \/>\n\t<meta property=\"og:image:type\" content=\"image\/png\" \/>\n<meta name=\"twitter:card\" content=\"summary_large_image\" \/>\n<meta name=\"twitter:label1\" content=\"Procijenjeno vrijeme \u010ditanja\" \/>\n\t<meta name=\"twitter:data1\" content=\"1 minuta\" \/>\n<script type=\"application\/ld+json\" class=\"yoast-schema-graph\">{\"@context\":\"https:\/\/schema.org\",\"@graph\":[{\"@type\":\"WebPage\",\"@id\":\"https:\/\/www.tonimilun.hr\/konferencija\/\",\"url\":\"https:\/\/www.tonimilun.hr\/konferencija\/\",\"name\":\"HOME - Konferencija TONI MILUN\",\"isPartOf\":{\"@id\":\"https:\/\/www.tonimilun.hr\/konferencija\/#website\"},\"primaryImageOfPage\":{\"@id\":\"https:\/\/www.tonimilun.hr\/konferencija\/#primaryimage\"},\"image\":{\"@id\":\"https:\/\/www.tonimilun.hr\/konferencija\/#primaryimage\"},\"thumbnailUrl\":\"https:\/\/www.tonimilun.hr\/konferencija\/wp-content\/uploads\/2022\/06\/500x500-featured-picture.png\",\"datePublished\":\"2022-06-03T11:50:04+00:00\",\"dateModified\":\"2024-10-10T13:07:17+00:00\",\"description\":\"Dobrodo\u0161li na stranicu konferencije financijske pismenosti TONI MILUN. Nau\u010dite kako da va\u0161 novac radi za vas.\",\"breadcrumb\":{\"@id\":\"https:\/\/www.tonimilun.hr\/konferencija\/#breadcrumb\"},\"inLanguage\":\"hr\",\"potentialAction\":[{\"@type\":\"ReadAction\",\"target\":[\"https:\/\/www.tonimilun.hr\/konferencija\/\"]}]},{\"@type\":\"ImageObject\",\"inLanguage\":\"hr\",\"@id\":\"https:\/\/www.tonimilun.hr\/konferencija\/#primaryimage\",\"url\":\"https:\/\/www.tonimilun.hr\/konferencija\/wp-content\/uploads\/2022\/06\/500x500-featured-picture.png\",\"contentUrl\":\"https:\/\/www.tonimilun.hr\/konferencija\/wp-content\/uploads\/2022\/06\/500x500-featured-picture.png\",\"width\":500,\"height\":500},{\"@type\":\"BreadcrumbList\",\"@id\":\"https:\/\/www.tonimilun.hr\/konferencija\/#breadcrumb\",\"itemListElement\":[{\"@type\":\"ListItem\",\"position\":1,\"name\":\"Po\u010detna stranica\",\"item\":\"https:\/\/www.tonimilun.hr\/konferencija\/\"},{\"@type\":\"ListItem\",\"position\":2,\"name\":\"HOME\"}]},{\"@type\":\"WebSite\",\"@id\":\"https:\/\/www.tonimilun.hr\/konferencija\/#website\",\"url\":\"https:\/\/www.tonimilun.hr\/konferencija\/\",\"name\":\"Konferencija TONI MILUN\",\"description\":\"Nau\u010dite kako da va\u0161 novac radi za vas\",\"publisher\":{\"@id\":\"https:\/\/www.tonimilun.hr\/konferencija\/#organization\"},\"potentialAction\":[{\"@type\":\"SearchAction\",\"target\":{\"@type\":\"EntryPoint\",\"urlTemplate\":\"https:\/\/www.tonimilun.hr\/konferencija\/?s={search_term_string}\"},\"query-input\":\"required name=search_term_string\"}],\"inLanguage\":\"hr\"},{\"@type\":\"Organization\",\"@id\":\"https:\/\/www.tonimilun.hr\/konferencija\/#organization\",\"name\":\"Konferencija TONI MILUN\",\"url\":\"https:\/\/www.tonimilun.hr\/konferencija\/\",\"logo\":{\"@type\":\"ImageObject\",\"inLanguage\":\"hr\",\"@id\":\"https:\/\/www.tonimilun.hr\/konferencija\/#\/schema\/logo\/image\/\",\"url\":\"https:\/\/www.tonimilun.hr\/konferencija\/wp-content\/uploads\/2022\/06\/400x300-tonimilun.png\",\"contentUrl\":\"https:\/\/www.tonimilun.hr\/konferencija\/wp-content\/uploads\/2022\/06\/400x300-tonimilun.png\",\"width\":400,\"height\":300,\"caption\":\"Konferencija TONI MILUN\"},\"image\":{\"@id\":\"https:\/\/www.tonimilun.hr\/konferencija\/#\/schema\/logo\/image\/\"},\"sameAs\":[\"https:\/\/www.facebook.com\/ToniMilun\",\"https:\/\/www.linkedin.com\/in\/tonimilun\/\"]}]}<\/script>\n<!-- \/ Yoast SEO plugin. -->","yoast_head_json":{"title":"HOME - Konferencija TONI MILUN","description":"Dobrodo\u0161li na stranicu konferencije financijske pismenosti TONI MILUN. Nau\u010dite kako da va\u0161 novac radi za vas.","robots":{"index":"index","follow":"follow","max-snippet":"max-snippet:-1","max-image-preview":"max-image-preview:large","max-video-preview":"max-video-preview:-1"},"canonical":"https:\/\/www.tonimilun.hr\/konferencija\/","og_locale":"hr_HR","og_type":"article","og_title":"HOME - Konferencija TONI MILUN","og_description":"Dobrodo\u0161li na stranicu konferencije financijske pismenosti TONI MILUN. Nau\u010dite kako da va\u0161 novac radi za vas.","og_url":"https:\/\/www.tonimilun.hr\/konferencija\/","og_site_name":"Konferencija TONI MILUN","article_publisher":"https:\/\/www.facebook.com\/ToniMilun","article_modified_time":"2024-10-10T13:07:17+00:00","og_image":[{"width":1200,"height":600,"url":"https:\/\/www.tonimilun.hr\/konferencija\/wp-content\/uploads\/2022\/07\/admin-ajax-copy.png","type":"image\/png"}],"twitter_card":"summary_large_image","twitter_misc":{"Procijenjeno vrijeme \u010ditanja":"1 minuta"},"schema":{"@context":"https:\/\/schema.org","@graph":[{"@type":"WebPage","@id":"https:\/\/www.tonimilun.hr\/konferencija\/","url":"https:\/\/www.tonimilun.hr\/konferencija\/","name":"HOME - Konferencija TONI MILUN","isPartOf":{"@id":"https:\/\/www.tonimilun.hr\/konferencija\/#website"},"primaryImageOfPage":{"@id":"https:\/\/www.tonimilun.hr\/konferencija\/#primaryimage"},"image":{"@id":"https:\/\/www.tonimilun.hr\/konferencija\/#primaryimage"},"thumbnailUrl":"https:\/\/www.tonimilun.hr\/konferencija\/wp-content\/uploads\/2022\/06\/500x500-featured-picture.png","datePublished":"2022-06-03T11:50:04+00:00","dateModified":"2024-10-10T13:07:17+00:00","description":"Dobrodo\u0161li na stranicu konferencije financijske pismenosti TONI MILUN. Nau\u010dite kako da va\u0161 novac radi za vas.","breadcrumb":{"@id":"https:\/\/www.tonimilun.hr\/konferencija\/#breadcrumb"},"inLanguage":"hr","potentialAction":[{"@type":"ReadAction","target":["https:\/\/www.tonimilun.hr\/konferencija\/"]}]},{"@type":"ImageObject","inLanguage":"hr","@id":"https:\/\/www.tonimilun.hr\/konferencija\/#primaryimage","url":"https:\/\/www.tonimilun.hr\/konferencija\/wp-content\/uploads\/2022\/06\/500x500-featured-picture.png","contentUrl":"https:\/\/www.tonimilun.hr\/konferencija\/wp-content\/uploads\/2022\/06\/500x500-featured-picture.png","width":500,"height":500},{"@type":"BreadcrumbList","@id":"https:\/\/www.tonimilun.hr\/konferencija\/#breadcrumb","itemListElement":[{"@type":"ListItem","position":1,"name":"Po\u010detna stranica","item":"https:\/\/www.tonimilun.hr\/konferencija\/"},{"@type":"ListItem","position":2,"name":"HOME"}]},{"@type":"WebSite","@id":"https:\/\/www.tonimilun.hr\/konferencija\/#website","url":"https:\/\/www.tonimilun.hr\/konferencija\/","name":"Konferencija TONI MILUN","description":"Nau\u010dite kako da va\u0161 novac radi za vas","publisher":{"@id":"https:\/\/www.tonimilun.hr\/konferencija\/#organization"},"potentialAction":[{"@type":"SearchAction","target":{"@type":"EntryPoint","urlTemplate":"https:\/\/www.tonimilun.hr\/konferencija\/?s={search_term_string}"},"query-input":"required name=search_term_string"}],"inLanguage":"hr"},{"@type":"Organization","@id":"https:\/\/www.tonimilun.hr\/konferencija\/#organization","name":"Konferencija TONI MILUN","url":"https:\/\/www.tonimilun.hr\/konferencija\/","logo":{"@type":"ImageObject","inLanguage":"hr","@id":"https:\/\/www.tonimilun.hr\/konferencija\/#\/schema\/logo\/image\/","url":"https:\/\/www.tonimilun.hr\/konferencija\/wp-content\/uploads\/2022\/06\/400x300-tonimilun.png","contentUrl":"https:\/\/www.tonimilun.hr\/konferencija\/wp-content\/uploads\/2022\/06\/400x300-tonimilun.png","width":400,"height":300,"caption":"Konferencija TONI MILUN"},"image":{"@id":"https:\/\/www.tonimilun.hr\/konferencija\/#\/schema\/logo\/image\/"},"sameAs":["https:\/\/www.facebook.com\/ToniMilun","https:\/\/www.linkedin.com\/in\/tonimilun\/"]}]}},"_links":{"self":[{"href":"https:\/\/www.tonimilun.hr\/konferencija\/wp-json\/wp\/v2\/pages\/21","targetHints":{"allow":["GET"]}}],"collection":[{"href":"https:\/\/www.tonimilun.hr\/konferencija\/wp-json\/wp\/v2\/pages"}],"about":[{"href":"https:\/\/www.tonimilun.hr\/konferencija\/wp-json\/wp\/v2\/types\/page"}],"author":[{"embeddable":true,"href":"https:\/\/www.tonimilun.hr\/konferencija\/wp-json\/wp\/v2\/users\/3"}],"replies":[{"embeddable":true,"href":"https:\/\/www.tonimilun.hr\/konferencija\/wp-json\/wp\/v2\/comments?post=21"}],"version-history":[{"count":196,"href":"https:\/\/www.tonimilun.hr\/konferencija\/wp-json\/wp\/v2\/pages\/21\/revisions"}],"predecessor-version":[{"id":2309,"href":"https:\/\/www.tonimilun.hr\/konferencija\/wp-json\/wp\/v2\/pages\/21\/revisions\/2309"}],"wp:featuredmedia":[{"embeddable":true,"href":"https:\/\/www.tonimilun.hr\/konferencija\/wp-json\/wp\/v2\/media\/371"}],"wp:attachment":[{"href":"https:\/\/www.tonimilun.hr\/konferencija\/wp-json\/wp\/v2\/media?parent=21"}],"curies":[{"name":"wp","href":"https:\/\/api.w.org\/{rel}","templated":true}]}}